{"id":3,"date":"2023-07-29T10:17:52","date_gmt":"2023-07-29T08:17:52","guid":{"rendered":"https:\/\/dev.eitk.com\/eitk\/?page_id=3"},"modified":"2023-07-31T22:46:03","modified_gmt":"2023-07-31T20:46:03","slug":"datenschutz","status":"publish","type":"page","link":"https:\/\/eitk.com\/?page_id=3","title":{"rendered":"Datenschutz"},"content":{"rendered":"\t\t<div data-elementor-type=\"wp-page\" data-elementor-id=\"3\" class=\"elementor elementor-3\">\n\t\t\t\t\t\t<section class=\"elementor-section elementor-top-section elementor-element elementor-element-b5531db elementor-section-boxed elementor-section-height-default elementor-section-height-default\" data-id=\"b5531db\" data-element_type=\"section\" data-e-type=\"section\">\n\t\t\t\t\t\t<div class=\"elementor-container elementor-column-gap-default\">\n\t\t\t\t\t<div class=\"elementor-column elementor-col-100 elementor-top-column elementor-element elementor-element-e8ce4a6\" data-id=\"e8ce4a6\" data-element_type=\"column\" data-e-type=\"column\">\n\t\t\t<div class=\"elementor-widget-wrap elementor-element-populated\">\n\t\t\t\t\t\t<div class=\"elementor-element elementor-element-3bc5778 elementor-widget elementor-widget-text-editor\" data-id=\"3bc5778\" data-element_type=\"widget\" data-e-type=\"widget\" data-widget_type=\"text-editor.default\">\n\t\t\t\t<div class=\"elementor-widget-container\">\n\t\t\t\t\t\t\t\t\t<div class=\"oKdM2c ZZyype Kzv0Me\">\n<div id=\"h.7784a2abd76ecdee_190\" class=\"hJDwNd-AhqUyc-uQSCkd Ft7HRd-AhqUyc-uQSCkd jXK9ad D2fZ2 zu5uec OjCsFc dmUFtb JYTMs\">\n<div class=\"jXK9ad-SmKAyb\">\n<div class=\"tyJCtd mGzaTb Depvyb baZpAe\">\n<h1 class=\"CDt4Ke zfr3Q\" dir=\"ltr\"><strong>Datenschutzerkl\u00e4rung<\/strong><\/h1>\n<\/div>\n<\/div>\n<\/div>\n<\/div>\n<div class=\"oKdM2c ZZyype\">\n<div id=\"h.7784a2abd76ecdee_192\" class=\"hJDwNd-AhqUyc-uQSCkd Ft7HRd-AhqUyc-uQSCkd jXK9ad D2fZ2 zu5uec wHaque g5GTcb JYTMs\">\n<div class=\"jXK9ad-SmKAyb\">\n<div class=\"tyJCtd mGzaTb Depvyb baZpAe\">\n<p class=\"CDt4Ke zfr3Q\" dir=\"ltr\">Die eitk Elektro- IT- Kommunikations GmbH erhebt, verarbeitet und nutzt Ihre personenbezogenen Daten ausschlie\u00dflich zu den mit Ihnen vereinbarten Zwecken.<\/p>\n<p class=\"CDt4Ke zfr3Q\" dir=\"ltr\">Personenbezogene Daten bzw. Daten folgender Datenkategorien werden verarbeitet:<\/p>\n<ul class=\"n8H08c UVNKR\">\n<li class=\"TYR86d zfr3Q\" dir=\"ltr\">\n<p class=\"CDt4Ke zfr3Q\" dir=\"ltr\">Vorname Name \/ Firmenname<\/p>\n<\/li>\n<li class=\"TYR86d zfr3Q\" dir=\"ltr\">\n<p class=\"CDt4Ke zfr3Q\" dir=\"ltr\">Gesch\u00e4ftsanschrift und sonstige Adressen des Kunden<\/p>\n<\/li>\n<li class=\"TYR86d zfr3Q\" dir=\"ltr\">\n<p class=\"CDt4Ke zfr3Q\" dir=\"ltr\">Ansprechperson<\/p>\n<\/li>\n<li class=\"TYR86d zfr3Q\" dir=\"ltr\">\n<p class=\"CDt4Ke zfr3Q\" dir=\"ltr\">Kontaktdaten (Telefonnummer, Telefaxnummer, E-Mail-Adresse)<\/p>\n<\/li>\n<li class=\"TYR86d zfr3Q\" dir=\"ltr\">\n<p class=\"CDt4Ke zfr3Q\" dir=\"ltr\">Bankverbindungen<\/p>\n<\/li>\n<li class=\"TYR86d zfr3Q\" dir=\"ltr\">\n<p class=\"CDt4Ke zfr3Q\" dir=\"ltr\">UID-Nummer<\/p>\n<\/li>\n<li class=\"TYR86d zfr3Q\" dir=\"ltr\">\n<p class=\"CDt4Ke zfr3Q\" dir=\"ltr\">Bestelldaten<\/p>\n<\/li>\n<li class=\"TYR86d zfr3Q\" dir=\"ltr\">\n<p class=\"CDt4Ke zfr3Q\" dir=\"ltr\">Kundenserviceanfragen<\/p>\n<\/li>\n<\/ul>\n<p class=\"CDt4Ke zfr3Q\" dir=\"ltr\">Wir verarbeiten von Ihnen nur jene personenbezogenen Daten, die f\u00fcr die Durchf\u00fchrung und Abwicklung der von uns zu erbringenden Leistungen erforderlich sind und verarbeiten diese Daten auf Grundlage Ihrer Einwilligung zu folgenden Zwecken:<\/p>\n<ul class=\"n8H08c UVNKR\">\n<li class=\"TYR86d zfr3Q\" dir=\"ltr\">\n<p class=\"CDt4Ke zfr3Q\" dir=\"ltr\">Vertragserf\u00fcllung<\/p>\n<\/li>\n<li class=\"TYR86d zfr3Q\" dir=\"ltr\">\n<p class=\"CDt4Ke zfr3Q\" dir=\"ltr\">Rechnungswesen<\/p>\n<\/li>\n<li class=\"TYR86d zfr3Q\" dir=\"ltr\">\n<p class=\"CDt4Ke zfr3Q\" dir=\"ltr\">Kundenbetreuung und Marketing f\u00fcr eigene Zwecke<\/p>\n<\/li>\n<li class=\"TYR86d zfr3Q\" dir=\"ltr\">\n<p class=\"CDt4Ke zfr3Q\" dir=\"ltr\">Aktenverwaltung und B\u00fcroautomation<\/p>\n<\/li>\n<\/ul>\n<p class=\"CDt4Ke zfr3Q\" dir=\"ltr\">Personenbezogene Daten werden von uns an Dritte nur weitergegeben bzw. \u00fcbermittelt, wenn dies zum Zwecke der Vertragsabwicklung oder zu Abrechnungszwecken erforderlich ist, oder Sie als Kunde zuvor eingewilligt haben.<\/p>\n<p class=\"CDt4Ke zfr3Q\" dir=\"ltr\">Die von Ihnen bereit gestellten Daten sind weiters zur Vertragserf\u00fcllung bzw. zur Durchf\u00fchrung vorvertraglicher Ma\u00dfnahmen erforderlich. Ohne diese Daten k\u00f6nnen wir den Vertrag mit Ihnen nicht abschlie\u00dfen.<\/p>\n<p class=\"CDt4Ke zfr3Q\" dir=\"ltr\">Wir speichern Ihre Daten solange, wie es n\u00f6tig ist, um die Erf\u00fcllung der oben genannten Zwecke sicherzustellen. Dannach werden Ihre personenbezogenen Daten gel\u00f6scht.<\/p>\n<p class=\"CDt4Ke zfr3Q\" dir=\"ltr\">Als Kunde haben Sie das Recht, eine erteilte Einwilligung mit Wirkung f\u00fcr die Zukunft jederzeit zu widerrufen.<\/p>\n<p class=\"CDt4Ke zfr3Q\" dir=\"ltr\">Grunds\u00e4tzlich stehen Ihnen die Rechte auf Auskunft, Berichtigung, L\u00f6schung, Einschr\u00e4nkung, Daten\u00fcbertragbarkeit und Widerspruch zu. Daf\u00fcr wenden Sie sich an uns. Wenn Sie glauben, dass die Verarbeitung Ihrer Daten gegen das Datenschutzrecht verst\u00f6\u00dft oder Ihre datenschutzrechtlichen Anspr\u00fcche sonst in einer Weise verletzt worden sind, k\u00f6nnen Sie sich bei der Aufsichtsbeh\u00f6rde beschweren. In \u00d6sterreich ist die Datenschutzbeh\u00f6rde zust\u00e4ndig.<\/p>\n<p class=\"CDt4Ke zfr3Q\" dir=\"ltr\">Sie erreichen uns unter folgenden Kontaktdaten (Verantwortlicher):<\/p>\n<p class=\"CDt4Ke zfr3Q\" dir=\"ltr\"><strong>eitk Elektro- IT- Kommunikations GmbH<\/strong><\/p>\n<p class=\"CDt4Ke zfr3Q\" dir=\"ltr\">GF Manfred Paunger<\/p>\n<p class=\"CDt4Ke zfr3Q\" dir=\"ltr\">Jochen-Rindt-Weg 1<\/p>\n<p class=\"CDt4Ke zfr3Q\" dir=\"ltr\">8141 Unterpremst\u00e4tten<\/p>\n<p class=\"CDt4Ke zfr3Q\" dir=\"ltr\">+43 660 2255464<\/p>\n<p class=\"CDt4Ke zfr3Q\" dir=\"ltr\"><span class=\" aw5Odc\">office@eitk.com<\/span><\/p>\n<\/div>\n<\/div>\n<\/div>\n<\/div>\t\t\t\t\t\t\t\t<\/div>\n\t\t\t\t<\/div>\n\t\t\t\t\t<\/div>\n\t\t<\/div>\n\t\t\t\t\t<\/div>\n\t\t<\/section>\n\t\t\t\t<section class=\"elementor-section elementor-top-section elementor-element elementor-element-2e43acf elementor-section-boxed elementor-section-height-default elementor-section-height-default\" data-id=\"2e43acf\" data-element_type=\"section\" data-e-type=\"section\">\n\t\t\t\t\t\t<div class=\"elementor-container elementor-column-gap-default\">\n\t\t\t\t\t<div class=\"elementor-column elementor-col-100 elementor-top-column elementor-element elementor-element-da597af\" data-id=\"da597af\" data-element_type=\"column\" data-e-type=\"column\">\n\t\t\t<div class=\"elementor-widget-wrap elementor-element-populated\">\n\t\t\t\t\t\t<div class=\"elementor-element elementor-element-d5e4a94 elementor-widget elementor-widget-image\" data-id=\"d5e4a94\" data-element_type=\"widget\" data-e-type=\"widget\" data-widget_type=\"image.default\">\n\t\t\t\t<div class=\"elementor-widget-container\">\n\t\t\t\t\t\t\t\t\t\t\t\t\t\t\t<img decoding=\"async\" width=\"300\" height=\"124\" src=\"https:\/\/eitk.com\/wp-content\/uploads\/2023\/07\/EmbeddedImage-1-300x124.png\" class=\"attachment-medium size-medium wp-image-16\" alt=\"\" srcset=\"https:\/\/eitk.com\/wp-content\/uploads\/2023\/07\/EmbeddedImage-1-300x124.png 300w, https:\/\/eitk.com\/wp-content\/uploads\/2023\/07\/EmbeddedImage-1.png 320w\" sizes=\"(max-width: 300px) 100vw, 300px\" \/>\t\t\t\t\t\t\t\t\t\t\t\t\t\t\t<\/div>\n\t\t\t\t<\/div>\n\t\t\t\t\t<\/div>\n\t\t<\/div>\n\t\t\t\t\t<\/div>\n\t\t<\/section>\n\t\t\t\t<\/div>\n\t\t","protected":false},"excerpt":{"rendered":"<p>Datenschutzerkl\u00e4rung Die eitk Elektro- IT- Kommunikations GmbH erhebt, verarbeitet und nutzt Ihre personenbezogenen Daten ausschlie\u00dflich zu den mit Ihnen vereinbarten Zwecken. Personenbezogene Daten bzw. Daten folgender Datenkategorien werden verarbeitet: Vorname Name \/ Firmenname Gesch\u00e4ftsanschrift und sonstige Adressen des Kunden Ansprechperson Kontaktdaten (Telefonnummer, Telefaxnummer, E-Mail-Adresse) Bankverbindungen UID-Nummer Bestelldaten Kundenserviceanfragen Wir verarbeiten von Ihnen nur jene personenbezogenen [&hellip;]<\/p>\n","protected":false},"author":1,"featured_media":0,"parent":0,"menu_order":0,"comment_status":"closed","ping_status":"closed","template":"","meta":{"footnotes":""},"class_list":["post-3","page","type-page","status-publish","hentry","entry"],"_links":{"self":[{"href":"https:\/\/eitk.com\/index.php?rest_route=\/wp\/v2\/pages\/3","targetHints":{"allow":["GET"]}}],"collection":[{"href":"https:\/\/eitk.com\/index.php?rest_route=\/wp\/v2\/pages"}],"about":[{"href":"https:\/\/eitk.com\/index.php?rest_route=\/wp\/v2\/types\/page"}],"author":[{"embeddable":true,"href":"https:\/\/eitk.com\/index.php?rest_route=\/wp\/v2\/users\/1"}],"replies":[{"embeddable":true,"href":"https:\/\/eitk.com\/index.php?rest_route=%2Fwp%2Fv2%2Fcomments&post=3"}],"version-history":[{"count":0,"href":"https:\/\/eitk.com\/index.php?rest_route=\/wp\/v2\/pages\/3\/revisions"}],"wp:attachment":[{"href":"https:\/\/eitk.com\/index.php?rest_route=%2Fwp%2Fv2%2Fmedia&parent=3"}],"curies":[{"name":"wp","href":"https:\/\/api.w.org\/{rel}","templated":true}]}}