{"id":48,"date":"2023-07-29T12:36:33","date_gmt":"2023-07-29T10:36:33","guid":{"rendered":"https:\/\/dev.eitk.com\/eitk\/?page_id=48"},"modified":"2026-05-07T14:03:27","modified_gmt":"2026-05-07T12:03:27","slug":"impressum","status":"publish","type":"page","link":"https:\/\/eitk.com\/?page_id=48","title":{"rendered":"Impressum"},"content":{"rendered":"\t\t<div data-elementor-type=\"wp-page\" data-elementor-id=\"48\" class=\"elementor elementor-48\">\n\t\t\t\t\t\t<section class=\"elementor-section elementor-top-section elementor-element elementor-element-0e0f87a elementor-section-boxed elementor-section-height-default elementor-section-height-default wpr-particle-no wpr-jarallax-no wpr-parallax-no wpr-sticky-section-no wpr-column-slider-no wpr-equal-height-no\" data-id=\"0e0f87a\" data-element_type=\"section\" data-e-type=\"section\">\n\t\t\t\t\t\t<div class=\"elementor-container elementor-column-gap-default\">\n\t\t\t\t\t<div class=\"elementor-column elementor-col-100 elementor-top-column elementor-element elementor-element-64e41b3\" data-id=\"64e41b3\" data-element_type=\"column\" data-e-type=\"column\">\n\t\t\t<div class=\"elementor-widget-wrap elementor-element-populated\">\n\t\t\t\t\t\t<div class=\"elementor-element elementor-element-49e4d36 elementor-widget elementor-widget-text-editor\" data-id=\"49e4d36\" data-element_type=\"widget\" data-e-type=\"widget\" data-widget_type=\"text-editor.default\">\n\t\t\t\t<div class=\"elementor-widget-container\">\n\t\t\t\t\t\t\t\t\t<div class=\"oKdM2c ZZyype Kzv0Me\" style=\"font-size: 16px; font-style: normal; font-variant-caps: normal; width: 661.0625px; max-width: 1280px; caret-color: #000000; color: #000000; font-family: sans-serif;\"><div id=\"h.p_sG30JGhZfreR\" class=\"hJDwNd-AhqUyc-OwsYgb Ft7HRd-AhqUyc-OwsYgb jXK9ad D2fZ2 zu5uec OjCsFc dmUFtb JYTMs\" style=\"display: inline-block; position: relative; vertical-align: top; width: 661.0625px; white-space: pre-wrap;\"><div class=\"jXK9ad-SmKAyb\" style=\"width: 661.0625px;\"><div class=\"tyJCtd mGzaTb Depvyb baZpAe\" style=\"position: relative; width: 661.0625px; padding: 14px 8px; word-wrap: break-word;\"><h2 id=\"h.p_f80g3mYJfreV_l\" class=\"CDt4Ke zfr3Q JYVBee\" dir=\"ltr\" style=\"font-variant-ligatures: none; margin-bottom: 0px; outline-style: none; position: relative; text-decoration: inherit; color: #000000; font-size: 19pt; font-weight: 400; font-family: Lato, sans-serif; pointer-events: none;\">eitk Elektro- IT- Kommunikations GmbH<\/h2><\/div><\/div><\/div><\/div><div class=\"oKdM2c ZZyype\" style=\"font-size: 16px; font-style: normal; font-variant-caps: normal; width: 661.0625px; max-width: 1280px; caret-color: #000000; color: #000000; font-family: sans-serif;\"><div id=\"h.p_2YeBYlqUfrec\" class=\"hJDwNd-AhqUyc-OwsYgb Ft7HRd-AhqUyc-OwsYgb jXK9ad D2fZ2 zu5uec wHaque g5GTcb JYTMs\" style=\"display: inline-block; position: relative; vertical-align: top; width: 661.0625px; white-space: pre-wrap;\"><div class=\"jXK9ad-SmKAyb\" style=\"width: 661.0625px;\"><div class=\"tyJCtd mGzaTb Depvyb baZpAe\" style=\"position: relative; width: 661.0625px; padding: 14px 8px; word-wrap: break-word;\"><p id=\"h.p_rDCN_19Bfree\" class=\"CDt4Ke zfr3Q\" dir=\"ltr\" style=\"font-variant-ligatures: none; margin-bottom: 0px; outline-style: none; position: relative; text-decoration: inherit; color: #212121; font-size: 11pt; font-family: Lato, sans-serif; line-height: 1.6667;\"><strong style=\"-webkit-font-smoothing: antialiased;\">Firmenname<\/strong><\/p><p id=\"h.p_1U3ttrtJ3UmX\" class=\"CDt4Ke zfr3Q\" dir=\"ltr\" style=\"font-variant-ligatures: none; margin-top: 12px; margin-bottom: 0px; outline-style: none; position: relative; text-decoration: inherit; color: #212121; font-size: 11pt; font-family: Lato, sans-serif; line-height: 1.6667;\">eitk Elektro- IT- Kommunikations GmbH<\/p><p id=\"h.p_4Gcqqh1bf0Q1\" class=\"CDt4Ke zfr3Q\" dir=\"ltr\" style=\"font-variant-ligatures: none; margin-top: 12px; margin-bottom: 0px; outline-style: none; position: relative; text-decoration: inherit; color: #212121; font-size: 11pt; font-family: Lato, sans-serif; line-height: 1.6667;\"><strong style=\"-webkit-font-smoothing: antialiased;\">Firmenbuchnummer<\/strong><\/p><p id=\"h.p_vHQbvuMMf0Q2\" class=\"CDt4Ke zfr3Q\" dir=\"ltr\" style=\"font-variant-ligatures: none; margin-top: 12px; margin-bottom: 0px; outline-style: none; position: relative; text-decoration: inherit; color: #212121; font-size: 11pt; font-family: Lato, sans-serif; line-height: 1.6667;\">483222x<\/p><p id=\"h.p_e2lqo-51f0Q3\" class=\"CDt4Ke zfr3Q\" dir=\"ltr\" style=\"font-variant-ligatures: none; margin-top: 12px; margin-bottom: 0px; outline-style: none; position: relative; text-decoration: inherit; color: #212121; font-size: 11pt; font-family: Lato, sans-serif; line-height: 1.6667;\"><strong style=\"-webkit-font-smoothing: antialiased;\">Firmengericht<\/strong><\/p><p id=\"h.p_F5Vks9y9f0Q3\" class=\"CDt4Ke zfr3Q\" dir=\"ltr\" style=\"font-variant-ligatures: none; margin-top: 12px; margin-bottom: 0px; outline-style: none; position: relative; text-decoration: inherit; color: #212121; font-size: 11pt; font-family: Lato, sans-serif; line-height: 1.6667;\">Landesgericht f\u00fcr ZRS Graz<\/p><p id=\"h.p_sFXt_m6Uf0Q4\" class=\"CDt4Ke zfr3Q\" dir=\"ltr\" style=\"font-variant-ligatures: none; margin-top: 12px; margin-bottom: 0px; outline-style: none; position: relative; text-decoration: inherit; color: #212121; font-size: 11pt; font-family: Lato, sans-serif; line-height: 1.6667;\"><strong style=\"-webkit-font-smoothing: antialiased;\">Rechtsform<\/strong><\/p><p id=\"h.p_1XPdYb9tf0Q4\" class=\"CDt4Ke zfr3Q\" dir=\"ltr\" style=\"font-variant-ligatures: none; margin-top: 12px; margin-bottom: 0px; outline-style: none; position: relative; text-decoration: inherit; color: #212121; font-size: 11pt; font-family: Lato, sans-serif; line-height: 1.6667;\">Gesellschaft mit beschr\u00e4nkter Haftung<\/p><p id=\"h.p_wqxxa164f0Q5\" class=\"CDt4Ke zfr3Q\" dir=\"ltr\" style=\"font-variant-ligatures: none; margin-top: 12px; margin-bottom: 0px; outline-style: none; position: relative; text-decoration: inherit; color: #212121; font-size: 11pt; font-family: Lato, sans-serif; line-height: 1.6667;\"><strong style=\"-webkit-font-smoothing: antialiased;\">Telefon<\/strong><\/p><p id=\"h.p_mjuadwGKf0Q5\" class=\"CDt4Ke zfr3Q\" dir=\"ltr\" style=\"font-variant-ligatures: none; margin-top: 12px; margin-bottom: 0px; outline-style: none; position: relative; text-decoration: inherit; color: #212121; font-size: 11pt; font-family: Lato, sans-serif; line-height: 1.6667;\">+43 660 2255464<\/p><p id=\"h.p_icgxRkMff0Q8\" class=\"CDt4Ke zfr3Q\" style=\"font-variant-ligatures: none; margin-top: 12px; margin-bottom: 0px; outline-style: none; position: relative; text-decoration: inherit; color: #212121; font-size: 11pt; font-family: Lato, sans-serif; line-height: 1.6667;\"><strong style=\"-webkit-font-smoothing: antialiased;\">E-Mail<\/strong><\/p><p id=\"h.p_ltXXTDFpf0Q8\" class=\"CDt4Ke zfr3Q\" style=\"font-variant-ligatures: none; margin-top: 12px; margin-bottom: 0px; outline-style: none; position: relative; text-decoration: inherit; color: #212121; font-size: 11pt; font-family: Lato, sans-serif; line-height: 1.6667;\">office@eitk.com<\/p><p id=\"h.p_icgxRkMff0Q8\" class=\"CDt4Ke zfr3Q\" style=\"font-variant-ligatures: none; margin-top: 12px; margin-bottom: 0px; outline-style: none; position: relative; text-decoration: inherit; color: #212121; font-size: 11pt; font-family: Lato, sans-serif; line-height: 1.6667;\"><strong style=\"-webkit-font-smoothing: antialiased;\">Adresse<\/strong><\/p><p id=\"h.p_ltXXTDFpf0Q8\" class=\"CDt4Ke zfr3Q\" style=\"font-variant-ligatures: none; margin-top: 12px; margin-bottom: 0px; outline-style: none; position: relative; text-decoration: inherit; color: #212121; font-size: 11pt; font-family: Lato, sans-serif; line-height: 1.6667;\">Jochen-Rindt-Weg 1<br \/>8141 Premst\u00e4tten<\/p><\/div><\/div><\/div><\/div>\t\t\t\t\t\t\t\t<\/div>\n\t\t\t\t<\/div>\n\t\t\t\t\t<\/div>\n\t\t<\/div>\n\t\t\t\t\t<\/div>\n\t\t<\/section>\n\t\t\t\t<section class=\"elementor-section elementor-top-section elementor-element elementor-element-bfaa0fb elementor-section-boxed elementor-section-height-default elementor-section-height-default wpr-particle-no wpr-jarallax-no wpr-parallax-no wpr-sticky-section-no wpr-column-slider-no wpr-equal-height-no\" data-id=\"bfaa0fb\" data-element_type=\"section\" data-e-type=\"section\">\n\t\t\t\t\t\t<div class=\"elementor-container elementor-column-gap-default\">\n\t\t\t\t\t<div class=\"elementor-column elementor-col-100 elementor-top-column elementor-element elementor-element-3fdb199\" data-id=\"3fdb199\" data-element_type=\"column\" data-e-type=\"column\">\n\t\t\t<div class=\"elementor-widget-wrap elementor-element-populated\">\n\t\t\t\t\t\t<div class=\"elementor-element elementor-element-fd25e45 elementor-widget elementor-widget-image\" data-id=\"fd25e45\" data-element_type=\"widget\" data-e-type=\"widget\" data-widget_type=\"image.default\">\n\t\t\t\t<div class=\"elementor-widget-container\">\n\t\t\t\t\t\t\t\t\t\t\t\t\t\t\t<img fetchpriority=\"high\" decoding=\"async\" width=\"300\" height=\"170\" src=\"https:\/\/eitk.com\/wp-content\/uploads\/2026\/05\/eitk_sunriset-Photoroom-1-300x170.png\" class=\"attachment-medium size-medium wp-image-242\" alt=\"\" srcset=\"https:\/\/eitk.com\/wp-content\/uploads\/2026\/05\/eitk_sunriset-Photoroom-1-300x170.png 300w, https:\/\/eitk.com\/wp-content\/uploads\/2026\/05\/eitk_sunriset-Photoroom-1.png 487w\" sizes=\"(max-width: 300px) 100vw, 300px\" \/>\t\t\t\t\t\t\t\t\t\t\t\t\t\t\t<\/div>\n\t\t\t\t<\/div>\n\t\t\t\t\t<\/div>\n\t\t<\/div>\n\t\t\t\t\t<\/div>\n\t\t<\/section>\n\t\t\t\t<section class=\"elementor-section elementor-top-section elementor-element elementor-element-c5be3c1 elementor-section-boxed elementor-section-height-default elementor-section-height-default wpr-particle-no wpr-jarallax-no wpr-parallax-no wpr-sticky-section-no wpr-column-slider-no wpr-equal-height-no\" data-id=\"c5be3c1\" data-element_type=\"section\" data-e-type=\"section\">\n\t\t\t\t\t\t<div class=\"elementor-container elementor-column-gap-default\">\n\t\t\t\t\t<div class=\"elementor-column elementor-col-100 elementor-top-column elementor-element elementor-element-9f0ea03\" data-id=\"9f0ea03\" data-element_type=\"column\" data-e-type=\"column\">\n\t\t\t<div class=\"elementor-widget-wrap elementor-element-populated\">\n\t\t\t\t\t\t<div class=\"elementor-element elementor-element-e0820ea elementor-widget elementor-widget-spacer\" data-id=\"e0820ea\" data-element_type=\"widget\" data-e-type=\"widget\" data-widget_type=\"spacer.default\">\n\t\t\t\t<div class=\"elementor-widget-container\">\n\t\t\t\t\t\t\t<div class=\"elementor-spacer\">\n\t\t\t<div class=\"elementor-spacer-inner\"><\/div>\n\t\t<\/div>\n\t\t\t\t\t\t<\/div>\n\t\t\t\t<\/div>\n\t\t\t\t\t<\/div>\n\t\t<\/div>\n\t\t\t\t\t<\/div>\n\t\t<\/section>\n\t\t\t\t<\/div>\n\t\t","protected":false},"excerpt":{"rendered":"<p>eitk Elektro- IT- Kommunikations GmbH Firmenname eitk Elektro- IT- Kommunikations GmbH Firmenbuchnummer 483222x Firmengericht Landesgericht f\u00fcr ZRS Graz Rechtsform Gesellschaft mit beschr\u00e4nkter Haftung Telefon +43 660 2255464 E-Mail office@eitk.com Adresse Jochen-Rindt-Weg 18141 Premst\u00e4tten<\/p>\n","protected":false},"author":1,"featured_media":0,"parent":0,"menu_order":0,"comment_status":"closed","ping_status":"closed","template":"","meta":{"footnotes":""},"class_list":["post-48","page","type-page","status-publish","hentry","entry"],"_links":{"self":[{"href":"https:\/\/eitk.com\/index.php?rest_route=\/wp\/v2\/pages\/48","targetHints":{"allow":["GET"]}}],"collection":[{"href":"https:\/\/eitk.com\/index.php?rest_route=\/wp\/v2\/pages"}],"about":[{"href":"https:\/\/eitk.com\/index.php?rest_route=\/wp\/v2\/types\/page"}],"author":[{"embeddable":true,"href":"https:\/\/eitk.com\/index.php?rest_route=\/wp\/v2\/users\/1"}],"replies":[{"embeddable":true,"href":"https:\/\/eitk.com\/index.php?rest_route=%2Fwp%2Fv2%2Fcomments&post=48"}],"version-history":[{"count":0,"href":"https:\/\/eitk.com\/index.php?rest_route=\/wp\/v2\/pages\/48\/revisions"}],"wp:attachment":[{"href":"https:\/\/eitk.com\/index.php?rest_route=%2Fwp%2Fv2%2Fmedia&parent=48"}],"curies":[{"name":"wp","href":"https:\/\/api.w.org\/{rel}","templated":true}]}}